{"id":11,"date":"2018-06-19T12:49:02","date_gmt":"2018-06-19T10:49:02","guid":{"rendered":"http:\/\/lai-wa.se\/wordpress\/?page_id=11"},"modified":"2026-05-05T23:32:30","modified_gmt":"2026-05-05T21:32:30","slug":"meny","status":"publish","type":"page","link":"http:\/\/lai-wa.se\/?page_id=11","title":{"rendered":"Meny"},"content":{"rendered":"<p><strong><a href=\"http:\/\/lai-wa.se\/wp-content\/uploads\/2025\/04\/LaiWa-Meny-A3-2025maj.pdf\">Meny<\/a>\u00a0 \u00a0&#8211;\u00a0 \u00a0<a href=\"http:\/\/lai-wa.se\/wp-content\/uploads\/2025\/04\/LaiWa-Menu-English-2025maj.pdf\">English menu<\/a>\u00a0 \u00a0&#8211;\u00a0 \u00a0<a class=\"row-title\" href=\"http:\/\/lai-wa.se\/wp-content\/uploads\/2025\/04\/LaiWa-Meny-Kinesisk-2025maj.pdf\" aria-label=\"\u201d\u4e2d\u6587\u83dc\u55ae\u201d (Redigera)\">\u4e2d\u6587\u83dc\u55ae<\/a>\u00a0 \u00a0&#8211;\u00a0 \u00a0<a href=\"http:\/\/lai-wa.se\/wp-content\/uploads\/2025\/04\/LaiWa-Meny-takeaway-2025maj.pdf\">Meny avh\u00e4mtning<\/a>\u00a0 \u00a0&#8211;\u00a0 \u00a0<a href=\"http:\/\/lai-wa.se\/wp-content\/uploads\/2025\/04\/Dryck-LAIWA-2024.pdf\">Dryck<\/a><\/strong><\/p>\n<p>&nbsp;<\/p>\n<table style=\"height: 257px;\" width=\"413\">\n<tbody>\n<tr>\n<td width=\"41\"><\/td>\n<td width=\"6\"><\/td>\n<td width=\"262\"><b><i>F\u00f6rr\u00e4tter<\/i><\/b><\/td>\n<td width=\"87\"><\/td>\n<\/tr>\n<tr>\n<td width=\"41\">1<\/td>\n<td width=\"6\"><\/td>\n<td width=\"262\">Kycklingsoppa<\/td>\n<td width=\"57\">65:-<\/td>\n<\/tr>\n<tr>\n<td width=\"41\">2<\/td>\n<td width=\"6\"><\/td>\n<td width=\"262\">V\u00e5rrulle (med fl\u00e4skk\u00f6tt)<\/td>\n<td width=\"57\">70:-<\/td>\n<\/tr>\n<tr>\n<td width=\"41\">3<\/td>\n<td width=\"6\"><\/td>\n<td width=\"262\">Gyoza (dumplings med fl\u00e4skk\u00f6tt)<\/td>\n<td width=\"57\">80:-<\/td>\n<\/tr>\n<tr>\n<td width=\"41\">B1<\/td>\n<td width=\"6\"><\/td>\n<td width=\"262\">Wonton Soppa<\/td>\n<td width=\"57\">80:-<\/td>\n<\/tr>\n<tr>\n<td width=\"41\">B2<\/td>\n<td width=\"6\"><\/td>\n<td width=\"262\">Pekingsoppa (stark)<\/td>\n<td width=\"57\">75:-<\/td>\n<\/tr>\n<tr>\n<td width=\"41\">B3<\/td>\n<td width=\"6\"><\/td>\n<td width=\"262\">R\u00e5friterade sm\u00e5 r\u00e4kor i vitl\u00f6kssalt<\/td>\n<td width=\"57\">80:-<\/td>\n<\/tr>\n<\/tbody>\n<\/table>\n<p>&nbsp;<\/p>\n<table style=\"height: 566px;\" width=\"389\">\n<tbody>\n<tr>\n<td width=\"41\"><\/td>\n<td width=\"6\"><\/td>\n<td width=\"262\"><b><i>Varmr\u00e4tter<\/i><\/b><\/td>\n<td width=\"57\"><\/td>\n<\/tr>\n<tr>\n<td width=\"41\"><b>\u00a0<\/b><\/td>\n<td width=\"6\"><\/td>\n<td width=\"262\"><b>Fisk &amp; Skaldjur<\/b><\/td>\n<td width=\"57\"><\/td>\n<\/tr>\n<tr>\n<td width=\"41\">4<\/td>\n<td width=\"6\"><\/td>\n<td width=\"262\">Friterade r\u00e4kor<br \/>\n(s\u00f6tsur, curry eller champinjons\u00e5s)<\/td>\n<td width=\"57\">180:-<\/td>\n<\/tr>\n<tr>\n<td width=\"41\">5<\/td>\n<td width=\"6\"><\/td>\n<td width=\"262\">R\u00e4kor i gr\u00f6nsaker<\/td>\n<td width=\"57\">180:-<\/td>\n<\/tr>\n<tr>\n<td width=\"41\">6<\/td>\n<td width=\"6\"><\/td>\n<td width=\"262\">R\u00e4kor i curry<\/td>\n<td width=\"57\">180:-<\/td>\n<\/tr>\n<tr>\n<td width=\"41\">7<\/td>\n<td width=\"6\"><\/td>\n<td width=\"262\">R\u00e4kor i sojab\u00f6nss\u00e5s<\/td>\n<td width=\"57\">180:-<\/td>\n<\/tr>\n<tr>\n<td width=\"41\">8<\/td>\n<td width=\"6\"><\/td>\n<td width=\"262\">R\u00e4kor med tomater<\/td>\n<td width=\"57\">180:-<\/td>\n<\/tr>\n<tr>\n<td width=\"41\">42<\/td>\n<td width=\"6\"><\/td>\n<td width=\"262\">R\u00e4kor i sat\u00e9s\u00e5s<\/td>\n<td width=\"57\">180:-<\/td>\n<\/tr>\n<tr>\n<td width=\"41\">43<\/td>\n<td width=\"6\"><\/td>\n<td width=\"262\">R\u00e4kor med svartpeppar<\/td>\n<td width=\"57\">180:-<\/td>\n<\/tr>\n<tr>\n<td width=\"41\">9<\/td>\n<td width=\"6\"><\/td>\n<td width=\"262\">Friterad bl\u00e4ckfisk<br \/>\n(s\u00f6tsur, curry eller champinjons\u00e5s)<\/td>\n<td width=\"57\">175:-<\/td>\n<\/tr>\n<tr>\n<td width=\"41\">10<\/td>\n<td width=\"6\"><\/td>\n<td width=\"262\">Bl\u00e4ckfisk med gr\u00f6nsaker<\/td>\n<td width=\"57\">175:-<\/td>\n<\/tr>\n<tr>\n<td width=\"41\">11<\/td>\n<td width=\"6\"><\/td>\n<td width=\"262\">Bl\u00e4ckfisk i sojab\u00f6nss\u00e5s<\/td>\n<td width=\"57\">175:-<\/td>\n<\/tr>\n<tr>\n<td width=\"41\">41<\/td>\n<td width=\"6\"><\/td>\n<td width=\"262\">Bl\u00e4ckfisk i sat\u00e9s\u00e5s<\/td>\n<td width=\"57\">175:-<\/td>\n<\/tr>\n<tr>\n<td width=\"41\">12<\/td>\n<td width=\"6\"><\/td>\n<td width=\"262\">Friterad fisk<br \/>\n(s\u00f6tsur, curry eller champinjons\u00e5s)<\/td>\n<td width=\"57\">175:-<\/td>\n<\/tr>\n<\/tbody>\n<\/table>\n<table style=\"height: 226px;\" width=\"382\">\n<tbody>\n<tr>\n<td width=\"41\"><\/td>\n<td width=\"6\"><\/td>\n<td width=\"262\"><b>Fl\u00e4skk\u00f6tt<\/b><\/td>\n<td width=\"57\"><\/td>\n<\/tr>\n<tr>\n<td width=\"41\">13<\/td>\n<td width=\"6\"><\/td>\n<td width=\"262\">Chop Shey<br \/>\n(bl\u00e4ckfisk, kyckling, r\u00e4kor, Char Siu och gr\u00f6nsaker)<\/td>\n<td width=\"57\">175:-<\/td>\n<\/tr>\n<tr>\n<td width=\"41\">14<\/td>\n<td width=\"6\"><\/td>\n<td width=\"262\">Fl\u00e4skk\u00f6tt med gr\u00f6nsaker<\/td>\n<td width=\"57\">165:-<\/td>\n<\/tr>\n<tr>\n<td width=\"41\">15<\/td>\n<td width=\"6\"><\/td>\n<td width=\"262\">Friterat fl\u00e4skk\u00f6tt i s\u00f6tsurs\u00e5s<\/td>\n<td width=\"57\">165:-<\/td>\n<\/tr>\n<tr>\n<td width=\"41\">16<\/td>\n<td width=\"6\"><\/td>\n<td width=\"262\">Revbensspj\u00e4ll i sojab\u00f6ns\u00e5s<br \/>\n(kinesisk specialitet)<\/td>\n<td width=\"57\">170:-<\/td>\n<\/tr>\n<\/tbody>\n<\/table>\n<table style=\"height: 322px;\" width=\"383\">\n<tbody>\n<tr>\n<td width=\"41\"><\/td>\n<td width=\"6\"><\/td>\n<td width=\"262\"><b>Kyckling<\/b><\/td>\n<td width=\"57\"><\/td>\n<\/tr>\n<tr>\n<td width=\"41\">27<\/td>\n<td width=\"6\"><\/td>\n<td width=\"262\">Kyckling med champinjoner<\/td>\n<td width=\"57\">165:-<\/td>\n<\/tr>\n<tr>\n<td width=\"41\">28<\/td>\n<td width=\"6\"><\/td>\n<td width=\"262\">Currykyckling<\/td>\n<td width=\"57\">165:-<\/td>\n<\/tr>\n<tr>\n<td width=\"41\">29<\/td>\n<td width=\"6\"><\/td>\n<td width=\"262\">Kyckling i sojab\u00f6nss\u00e5s<\/td>\n<td width=\"57\">165:-<\/td>\n<\/tr>\n<tr>\n<td width=\"41\">30<\/td>\n<td width=\"6\"><\/td>\n<td width=\"262\">Kyckling med (cashew)n\u00f6tter<\/td>\n<td width=\"57\">175:-<\/td>\n<\/tr>\n<tr>\n<td width=\"41\">31<\/td>\n<td width=\"6\"><\/td>\n<td width=\"262\">Kyckling med svartpeppar<\/td>\n<td width=\"57\">165:-<\/td>\n<\/tr>\n<tr>\n<td width=\"41\">32<\/td>\n<td width=\"6\"><\/td>\n<td width=\"262\">Friterad kyckling<br \/>\n(s\u00f6tsur, curry eller champinjons\u00e5s)<\/td>\n<td width=\"57\">165:-<\/td>\n<\/tr>\n<tr>\n<td width=\"41\">33<\/td>\n<td width=\"6\"><\/td>\n<td width=\"262\">Kyckling med ananas<\/td>\n<td width=\"57\">165:-<\/td>\n<\/tr>\n<tr>\n<td width=\"41\">49<\/td>\n<td width=\"6\"><\/td>\n<td width=\"262\">Kyckling i sat\u00e9s\u00e5s<\/td>\n<td width=\"57\">165:-<\/td>\n<\/tr>\n<\/tbody>\n<\/table>\n<table style=\"height: 334px;\" width=\"382\">\n<tbody>\n<tr>\n<td width=\"41\"><\/td>\n<td width=\"6\"><\/td>\n<td width=\"277\"><b>Oxk\u00f6tt<\/b><\/td>\n<td width=\"50\"><\/td>\n<\/tr>\n<tr>\n<td width=\"41\">18<\/td>\n<td width=\"6\"><\/td>\n<td width=\"277\">Biff med gr\u00f6nsaker<\/td>\n<td width=\"50\">175:-<\/td>\n<\/tr>\n<tr>\n<td width=\"41\">19<\/td>\n<td width=\"6\"><\/td>\n<td width=\"277\">Biff med purjol\u00f6k<\/td>\n<td width=\"50\">175:-<\/td>\n<\/tr>\n<tr>\n<td width=\"41\">20<\/td>\n<td width=\"6\"><\/td>\n<td width=\"277\">Biff med l\u00f6k<\/td>\n<td width=\"50\">175:-<\/td>\n<\/tr>\n<tr>\n<td width=\"41\">21<\/td>\n<td width=\"6\"><\/td>\n<td width=\"277\">Biff i curry<\/td>\n<td width=\"50\">175:-<\/td>\n<\/tr>\n<tr>\n<td width=\"41\">22<\/td>\n<td width=\"6\"><\/td>\n<td width=\"277\">Biff med bambuskott<\/td>\n<td width=\"50\">175:-<\/td>\n<\/tr>\n<tr>\n<td width=\"41\">23<\/td>\n<td width=\"6\"><\/td>\n<td width=\"277\">Biff med svartpeppar<\/td>\n<td width=\"50\">175:-<\/td>\n<\/tr>\n<tr>\n<td width=\"41\">25<\/td>\n<td width=\"6\"><\/td>\n<td width=\"277\">Biff i sojab\u00f6nss\u00e5s<\/td>\n<td width=\"50\">175:-<\/td>\n<\/tr>\n<tr>\n<td width=\"41\">26<\/td>\n<td width=\"6\"><\/td>\n<td width=\"277\">Biff med tomater<\/td>\n<td width=\"50\">175:-<\/td>\n<\/tr>\n<tr>\n<td width=\"41\">46<\/td>\n<td width=\"6\"><\/td>\n<td width=\"277\">Biff med ananas<\/td>\n<td width=\"50\">175:-<\/td>\n<\/tr>\n<tr>\n<td width=\"41\">47<\/td>\n<td width=\"6\"><\/td>\n<td width=\"277\">Biff i sat\u00e9s\u00e5s<\/td>\n<td width=\"50\">175:-<\/td>\n<\/tr>\n<\/tbody>\n<\/table>\n<table width=\"374\">\n<tbody>\n<tr>\n<td width=\"41\"><\/td>\n<td width=\"6\"><\/td>\n<td width=\"276\"><b>Ris &amp; Nudlar<\/b><\/td>\n<td width=\"51\"><\/td>\n<\/tr>\n<tr>\n<td width=\"41\">34<\/td>\n<td width=\"6\"><\/td>\n<td width=\"276\">Stekt ris med biff<\/td>\n<td width=\"51\">160:-<\/td>\n<\/tr>\n<tr>\n<td width=\"41\">35<\/td>\n<td width=\"6\"><\/td>\n<td width=\"276\">Stekt ris med r\u00e4kor<\/td>\n<td width=\"51\">165:-<\/td>\n<\/tr>\n<tr>\n<td width=\"41\">36<\/td>\n<td width=\"6\"><\/td>\n<td width=\"276\">Stekt ris med kyckling<\/td>\n<td width=\"51\">155:-<\/td>\n<\/tr>\n<tr>\n<td width=\"41\">37<\/td>\n<td width=\"6\"><\/td>\n<td width=\"276\">Stekt ris Lai-Wa special<br \/>\n(med r\u00e4kor, kyckling och Char Siu)<\/td>\n<td width=\"51\">165:-<\/td>\n<\/tr>\n<tr>\n<td width=\"41\">38<\/td>\n<td width=\"6\"><\/td>\n<td width=\"276\">Risnudlar \u00e0 la Singapore<br \/>\n(tunna risnudlar med r\u00e4kor, Char Siu, gr\u00f6nsaker och curry)<\/td>\n<td width=\"51\">170:-<\/td>\n<\/tr>\n<tr>\n<td width=\"41\">39<\/td>\n<td width=\"6\"><\/td>\n<td width=\"276\">Bandnudlar \u00e0 la Canton<br \/>\n(breda nudlar i soja med <b>biff, r\u00e4kor eller kyckling<\/b>)<\/td>\n<td width=\"51\">170:-<\/td>\n<\/tr>\n<tr>\n<td width=\"41\">40<\/td>\n<td width=\"6\"><\/td>\n<td width=\"276\">Stekta kinesiska \u00e4ggnudlar<br \/>\n(med <b>biff, r\u00e4kor eller kyckling<\/b>)<\/td>\n<td width=\"51\">170:-<\/td>\n<\/tr>\n<tr>\n<td width=\"41\">A39<\/td>\n<td width=\"6\"><\/td>\n<td width=\"276\">Chow Mein<br \/>\n(wokade \u00e4ggnudlar i soja med <b>biff, r\u00e4kor eller kyckling<\/b>)<\/td>\n<td width=\"51\">170:-<\/td>\n<\/tr>\n<tr>\n<td width=\"41\">A38<\/td>\n<td width=\"6\"><\/td>\n<td width=\"276\">Nudelsoppa med Wonton<\/td>\n<td width=\"51\">175:-<\/td>\n<\/tr>\n<tr>\n<td width=\"41\">A25<\/td>\n<td width=\"6\"><\/td>\n<td width=\"276\">Nudelsoppa med stuvad oxbringa<\/td>\n<td width=\"51\">180:-<\/td>\n<\/tr>\n<tr>\n<td width=\"41\">A26<\/td>\n<td width=\"6\"><\/td>\n<td width=\"276\">Nudelsoppa med Char Siu<\/td>\n<td width=\"51\">175:-<\/td>\n<\/tr>\n<\/tbody>\n<\/table>\n<p>&nbsp;<\/p>\n<table width=\"393\">\n<tbody>\n<tr>\n<td width=\"36\"><\/td>\n<td width=\"6\"><\/td>\n<td colspan=\"2\" width=\"351\"><b><i>K\u00f6kets Rekommendationer<\/i><\/b><\/td>\n<\/tr>\n<tr>\n<td width=\"36\">51<\/td>\n<td width=\"6\"><\/td>\n<td width=\"299\">Kycklingspett<br \/>\n(med hemlagad sat\u00e9s\u00e5s)<\/td>\n<td width=\"52\">175:-<\/td>\n<\/tr>\n<tr>\n<td width=\"36\">B5<\/td>\n<td width=\"6\"><\/td>\n<td width=\"299\">Biff i ostrons\u00e5s<br \/>\n(med ingef\u00e4ra och purjol\u00f6k)<\/td>\n<td width=\"52\">180:-<\/td>\n<\/tr>\n<tr>\n<td width=\"36\">B7<\/td>\n<td width=\"6\"><\/td>\n<td width=\"299\">Biff med broccoli<\/td>\n<td width=\"52\">180-<\/td>\n<\/tr>\n<tr>\n<td width=\"36\">B8<\/td>\n<td width=\"6\"><\/td>\n<td width=\"299\">Oxbringa i gryta i aniss\u00e5s<\/td>\n<td width=\"52\">190:-<\/td>\n<\/tr>\n<tr>\n<td width=\"36\">B10<\/td>\n<td width=\"6\"><\/td>\n<td width=\"299\">R\u00e5friterade kycklingfil\u00e9er i vitl\u00f6kssalt<\/td>\n<td width=\"52\">180:-<\/td>\n<\/tr>\n<tr>\n<td width=\"36\">B11<\/td>\n<td width=\"6\"><\/td>\n<td width=\"299\">Kyckling i citrons\u00e5s p\u00e5 kinesiskt vis<\/td>\n<td width=\"52\">180:-<\/td>\n<\/tr>\n<tr>\n<td width=\"36\">B12<\/td>\n<td width=\"6\"><\/td>\n<td width=\"299\">Wokad kyckling \u00e0 la Sze Chuan<\/td>\n<td width=\"52\">175:-<\/td>\n<\/tr>\n<tr>\n<td width=\"36\">B13<\/td>\n<td width=\"6\"><\/td>\n<td width=\"299\">Wokade sm\u00e5 kinesiska r\u00e4kor \u00e0 la Sze Chuan<\/td>\n<td width=\"52\">180:-<\/td>\n<\/tr>\n<tr>\n<td width=\"36\">B14<\/td>\n<td width=\"6\"><\/td>\n<td width=\"299\">R\u00e5friterade r\u00e4kor i vitl\u00f6ksspetsad s\u00f6tsurs\u00e5s<\/td>\n<td width=\"52\">195:-<\/td>\n<\/tr>\n<tr>\n<td width=\"36\">B15<\/td>\n<td width=\"6\"><\/td>\n<td width=\"299\">Friterad anka med ananas<\/td>\n<td width=\"52\">185:-<\/td>\n<\/tr>\n<tr>\n<td width=\"36\">B16<\/td>\n<td width=\"6\"><\/td>\n<td width=\"299\">Stuvad anka i kinesisk svamps\u00e5s<\/td>\n<td width=\"52\">185:-<\/td>\n<\/tr>\n<tr>\n<td width=\"36\">B17<\/td>\n<td width=\"6\"><\/td>\n<td width=\"299\">Peking revbenspj\u00e4ll<br \/>\n(r\u00e5friterade revben i kinesisk vin\u00e4gers\u00e5s)<\/td>\n<td width=\"52\">180:-<\/td>\n<\/tr>\n<tr>\n<td width=\"36\">B18<\/td>\n<td width=\"6\"><\/td>\n<td width=\"299\">R\u00e5friterade revbenspj\u00e4ll i vitl\u00f6ksspetsad s\u00f6tsurs\u00e5s<\/td>\n<td width=\"52\">180:-<\/td>\n<\/tr>\n<tr>\n<td width=\"36\">B19<\/td>\n<td width=\"6\"><\/td>\n<td width=\"299\">Char Siu (grillat marinerat fl\u00e4skk\u00f6tt) med broccoli<\/td>\n<td width=\"52\">180:-<\/td>\n<\/tr>\n<tr>\n<td width=\"36\">B20<\/td>\n<td width=\"6\"><\/td>\n<td width=\"299\">Tofu-Gryta<br \/>\n(Tofubitar, r\u00e4kor, kyckling, Char Siu, bl\u00e4ckfisk, fiskbullar och gr\u00f6nsaker)<\/td>\n<td width=\"52\">180:-<\/td>\n<\/tr>\n<tr>\n<td width=\"36\">B21<\/td>\n<td width=\"6\"><\/td>\n<td width=\"299\">Kyckling med kinesiska svampar i ostrons\u00e5s<\/td>\n<td width=\"52\">180:-<\/td>\n<\/tr>\n<tr>\n<td width=\"36\">B22<\/td>\n<td width=\"6\"><\/td>\n<td width=\"299\">&#8221;Tsuen Pao&#8221; havsfrukter<br \/>\n(skaldjur wokade i het och s\u00f6t b\u00f6npastas\u00e5s)<\/td>\n<td width=\"52\">185:-<\/td>\n<\/tr>\n<tr>\n<td width=\"36\">B23<\/td>\n<td width=\"6\"><\/td>\n<td width=\"299\">Biff \u00e0 la Peking<br \/>\n(krispigt friterade biffstrimlor i s\u00f6tstark s\u00e5s)<\/td>\n<td width=\"52\">185:-<\/td>\n<\/tr>\n<tr>\n<td width=\"36\">B24<\/td>\n<td width=\"6\"><\/td>\n<td width=\"299\">R\u00e5friterade fiskfil\u00e9er i vitl\u00f6ksspetsad s\u00f6tsurs\u00e5s<\/td>\n<td width=\"52\">185:-<\/td>\n<\/tr>\n<tr>\n<td width=\"36\">B25<\/td>\n<td width=\"6\"><\/td>\n<td width=\"299\">R\u00e5friterade torskkinder (med ben)<br \/>\n(i ostrons\u00e5s serveras i gryta)<\/td>\n<td width=\"52\">180:-<\/td>\n<\/tr>\n<\/tbody>\n<\/table>\n<p>&nbsp;<\/p>\n<table width=\"340\">\n<tbody>\n<tr>\n<td width=\"36\"><\/td>\n<td width=\"6\"><\/td>\n<td colspan=\"2\" width=\"299\"><b><i>Vegetariska F\u00f6rr\u00e4tter <\/i><\/b><\/td>\n<\/tr>\n<tr>\n<td width=\"36\">V1<\/td>\n<td width=\"6\"><\/td>\n<td width=\"249\">Vegetarisk V\u00e5rrulle<\/td>\n<td width=\"49\">70:-<\/td>\n<\/tr>\n<tr>\n<td width=\"36\">V2<\/td>\n<td width=\"6\"><\/td>\n<td width=\"249\">Gr\u00f6nsakssoppa<\/td>\n<td width=\"49\">65:-<\/td>\n<\/tr>\n<tr>\n<td width=\"36\">V3<\/td>\n<td width=\"6\"><\/td>\n<td width=\"249\">Vegetarisk Pekingsoppa (stark)<\/td>\n<td width=\"49\">75:-<\/td>\n<\/tr>\n<tr>\n<td width=\"36\">V4<\/td>\n<td width=\"6\"><\/td>\n<td width=\"249\">Vegetarisk Tofu-Soppa<\/td>\n<td width=\"49\">75:-<\/td>\n<\/tr>\n<\/tbody>\n<\/table>\n<p>&nbsp;<\/p>\n<table width=\"340\">\n<tbody>\n<tr>\n<td width=\"36\"><\/td>\n<td width=\"6\"><\/td>\n<td colspan=\"2\" width=\"299\"><b><i>Vegetariska Varmr\u00e4tter<\/i><\/b><\/td>\n<\/tr>\n<tr>\n<td width=\"36\">V7<\/td>\n<td width=\"6\"><\/td>\n<td width=\"249\">Wokade Gr\u00f6nsaker (i valfri s\u00e5s)<\/td>\n<td width=\"49\">155:-<\/td>\n<\/tr>\n<tr>\n<td width=\"36\"><\/td>\n<td width=\"6\"><\/td>\n<td width=\"249\">Naturell<\/td>\n<td width=\"49\"><\/td>\n<\/tr>\n<tr>\n<td width=\"36\"><\/td>\n<td width=\"6\"><\/td>\n<td width=\"249\">B. Sojab\u00f6nss\u00e5s<\/td>\n<td width=\"49\"><\/td>\n<\/tr>\n<tr>\n<td width=\"36\"><\/td>\n<td width=\"6\"><\/td>\n<td width=\"249\">C. Currys\u00e5s<\/td>\n<td width=\"49\"><\/td>\n<\/tr>\n<tr>\n<td width=\"36\"><\/td>\n<td width=\"6\"><\/td>\n<td width=\"249\">D. S\u00f6tsurs\u00e5s<\/td>\n<td width=\"49\"><\/td>\n<\/tr>\n<tr>\n<td width=\"36\"><\/td>\n<td width=\"6\"><\/td>\n<td width=\"249\">E. Sojas\u00e5s<\/td>\n<td width=\"49\"><\/td>\n<\/tr>\n<tr>\n<td width=\"36\">V8<\/td>\n<td width=\"6\"><\/td>\n<td width=\"249\">Wokade gr\u00f6nsaker i hemlagad sat\u00e9s\u00e5s<\/td>\n<td width=\"49\">160:-<\/td>\n<\/tr>\n<tr>\n<td width=\"36\">V9<\/td>\n<td width=\"6\"><\/td>\n<td width=\"249\">Wokade gr\u00f6nsaker och Tofu \u00e0 la Sze Chuan<\/td>\n<td width=\"49\">165:-<\/td>\n<\/tr>\n<tr>\n<td width=\"36\">V10<\/td>\n<td width=\"6\"><\/td>\n<td width=\"249\">HongSiu Tofu<br \/>\n(friterade Tofubitar med kinesiska svampar i sojas\u00e5s)<\/td>\n<td width=\"49\">165:-<\/td>\n<\/tr>\n<tr>\n<td width=\"36\">V11<\/td>\n<td width=\"6\"><\/td>\n<td width=\"249\">Stekt ris med gr\u00f6nsaker och \u00e4gg<\/td>\n<td width=\"49\">155:-<\/td>\n<\/tr>\n<tr>\n<td width=\"36\">V12<\/td>\n<td width=\"6\"><\/td>\n<td width=\"249\">Chow Mein<br \/>\n(wokade \u00e4ggnudlar med strimlade gr\u00f6nsaker och \u00e4gg i soja)<\/td>\n<td width=\"49\">160:-<\/td>\n<\/tr>\n<tr>\n<td width=\"36\">V13<\/td>\n<td width=\"6\"><\/td>\n<td width=\"249\">Buddistisk Tempelgryta<br \/>\n(wokade exotiska gr\u00f6nsaker som kinesiska \u00f6ronsvampar, guldn\u00e5lssvampar, minimajs, vattenkastanjer, ingef\u00e4ra mm. p\u00e5 glasnudlar i sojas\u00e5s)<\/td>\n<td width=\"49\">170:-<\/td>\n<\/tr>\n<tr>\n<td width=\"36\">V14<\/td>\n<td width=\"6\"><\/td>\n<td width=\"249\">Vegetarisk Wok i sat\u00e9s\u00e5s<br \/>\n(mixade gr\u00f6nsaker i stark sat\u00e9s\u00e5s p\u00e5<br \/>\nen b\u00e4dd av glasnudlar, serveras i wok)<\/td>\n<td width=\"49\">165:-<\/td>\n<\/tr>\n<tr>\n<td width=\"36\">V15<\/td>\n<td width=\"6\"><\/td>\n<td width=\"249\">Vegetarisk Nudelsoppa<\/td>\n<td width=\"49\">165:-<\/td>\n<\/tr>\n<tr>\n<td width=\"36\">V42<\/td>\n<td width=\"6\"><\/td>\n<td width=\"249\">Vegetarisk Mapo Tofu<\/td>\n<td width=\"49\">165:-<\/td>\n<\/tr>\n<\/tbody>\n<\/table>\n<p>De flesta vegetariska r\u00e4tter g\u00e5r att anpassa efter vegansk kost.<\/p>\n<table width=\"374\">\n<tbody>\n<tr>\n<td width=\"41\"><\/td>\n<td width=\"6\"><\/td>\n<td width=\"276\"><b><i>Efterr\u00e4tter<\/i><\/b><\/td>\n<td width=\"51\"><\/td>\n<\/tr>\n<tr>\n<td width=\"41\">56<\/td>\n<td width=\"6\"><\/td>\n<td width=\"276\">Lik\u00f6rmarinerad hallon med vaniljglass<\/td>\n<td width=\"51\">75:-<\/td>\n<\/tr>\n<tr>\n<td width=\"41\">58<\/td>\n<td width=\"6\"><\/td>\n<td width=\"276\">Glass med choklads\u00e5s<\/td>\n<td width=\"51\">65:-<\/td>\n<\/tr>\n<tr>\n<td width=\"41\">60<\/td>\n<td width=\"6\"><\/td>\n<td width=\"276\">Friterad \u00e4pple med glass<\/td>\n<td width=\"51\">70:-<\/td>\n<\/tr>\n<tr>\n<td width=\"41\">62<\/td>\n<td width=\"6\"><\/td>\n<td width=\"276\">Friterad banan med glass<\/td>\n<td width=\"51\">70:-<\/td>\n<\/tr>\n<tr>\n<td width=\"41\">64<\/td>\n<td width=\"6\"><\/td>\n<td width=\"276\">Friterad ananas med glass<\/td>\n<td width=\"51\">70:-<\/td>\n<\/tr>\n<tr>\n<td width=\"41\">66<\/td>\n<td width=\"6\"><\/td>\n<td width=\"276\">Friterad &#8221;Sn\u00f6boll&#8221; med f\u00e4rska frukter, sylt och gr\u00e4dde<\/td>\n<td width=\"51\">90:-<\/td>\n<\/tr>\n<\/tbody>\n<\/table>\n<p>&nbsp;<\/p>\n<table width=\"384\">\n<tbody>\n<tr>\n<td width=\"295\"><b>Tillbeh\u00f6r<\/b><\/td>\n<td width=\"89\"><\/td>\n<\/tr>\n<tr>\n<td width=\"295\">Delad r\u00e4tt<\/td>\n<td width=\"89\">30:-<\/td>\n<\/tr>\n<tr>\n<td width=\"295\">Extra s\u00e5s ,(s\u00f6tsur\/curry)<\/td>\n<td width=\"89\">20:-<\/td>\n<\/tr>\n<tr>\n<td width=\"295\">Extra sat\u00e9s\u00e5s<\/td>\n<td width=\"89\">25:-<\/td>\n<\/tr>\n<tr>\n<td width=\"295\">Extra gr\u00f6nsaker\/k\u00f6tt<\/td>\n<td width=\"89\">20\/30:-<\/td>\n<\/tr>\n<tr>\n<td width=\"295\">Cashewn\u00f6tter<\/td>\n<td width=\"89\">25:-<\/td>\n<\/tr>\n<tr>\n<td width=\"295\">R\u00e4kchips<\/td>\n<td width=\"89\">30:-<\/td>\n<\/tr>\n<tr>\n<td width=\"295\">Stekt ris\/nudlar (i st\u00e4llet f\u00f6r ris)<\/td>\n<td width=\"89\">35:-<\/td>\n<\/tr>\n<tr>\n<td colspan=\"2\" width=\"384\"><b><i>Matr\u00e4tterna kan g\u00f6ras starka eller anpassas efter allergier mm, fr\u00e5ga personalen.<\/i><\/b><\/td>\n<\/tr>\n<\/tbody>\n<\/table>\n","protected":false},"excerpt":{"rendered":"<p>Meny\u00a0 \u00a0&#8211;\u00a0 \u00a0English menu\u00a0 \u00a0&#8211;\u00a0 \u00a0\u4e2d\u6587\u83dc\u55ae\u00a0 \u00a0&#8211;\u00a0 \u00a0Meny avh\u00e4mtning\u00a0 \u00a0&#8211;\u00a0 \u00a0Dryck &nbsp; F\u00f6rr\u00e4tter 1 Kycklingsoppa 65:- 2 V\u00e5rrulle (med fl\u00e4skk\u00f6tt) 70:- 3 Gyoza (dumplings med fl\u00e4skk\u00f6tt) 80:- B1 Wonton Soppa 80:- B2 Pekingsoppa (stark) 75:- B3 R\u00e5friterade sm\u00e5 r\u00e4kor i vitl\u00f6kssalt 80:- &nbsp; Varmr\u00e4tter \u00a0 Fisk &amp; Skaldjur 4 Friterade r\u00e4kor (s\u00f6tsur, curry eller champinjons\u00e5s) &hellip; <\/p>\n<p class=\"link-more\"><a href=\"http:\/\/lai-wa.se\/?page_id=11\" class=\"more-link\">Forts\u00e4tt l\u00e4sa<span class=\"screen-reader-text\"> \u201dMeny\u201d<\/span><\/a><\/p>\n","protected":false},"author":1,"featured_media":0,"parent":0,"menu_order":1,"comment_status":"closed","ping_status":"closed","template":"","meta":{"footnotes":""},"class_list":["post-11","page","type-page","status-publish","hentry"],"_links":{"self":[{"href":"http:\/\/lai-wa.se\/index.php?rest_route=\/wp\/v2\/pages\/11","targetHints":{"allow":["GET"]}}],"collection":[{"href":"http:\/\/lai-wa.se\/index.php?rest_route=\/wp\/v2\/pages"}],"about":[{"href":"http:\/\/lai-wa.se\/index.php?rest_route=\/wp\/v2\/types\/page"}],"author":[{"embeddable":true,"href":"http:\/\/lai-wa.se\/index.php?rest_route=\/wp\/v2\/users\/1"}],"replies":[{"embeddable":true,"href":"http:\/\/lai-wa.se\/index.php?rest_route=%2Fwp%2Fv2%2Fcomments&post=11"}],"version-history":[{"count":35,"href":"http:\/\/lai-wa.se\/index.php?rest_route=\/wp\/v2\/pages\/11\/revisions"}],"predecessor-version":[{"id":264,"href":"http:\/\/lai-wa.se\/index.php?rest_route=\/wp\/v2\/pages\/11\/revisions\/264"}],"wp:attachment":[{"href":"http:\/\/lai-wa.se\/index.php?rest_route=%2Fwp%2Fv2%2Fmedia&parent=11"}],"curies":[{"name":"wp","href":"https:\/\/api.w.org\/{rel}","templated":true}]}}