{"id":13,"date":"2018-06-19T12:58:56","date_gmt":"2018-06-19T10:58:56","guid":{"rendered":"http:\/\/lai-wa.se\/wordpress\/?page_id=13"},"modified":"2023-04-02T20:55:54","modified_gmt":"2023-04-02T18:55:54","slug":"hem","status":"publish","type":"page","link":"http:\/\/lai-wa.se\/","title":{"rendered":"Hem"},"content":{"rendered":"<p style=\"text-align: left;\">V\u00e4lkommen till Restaurang Lai-Wa, en familje\u00e4gd restaurang som har funnits sedan november 1975. Vi serverar fr\u00e4mst kinesisk mat fr\u00e5n det kantonesiska k\u00f6ket med smaker fr\u00e5n s\u00f6dra Kina.<\/p>\n<p style=\"text-align: left;\">V\u00e4lkomna!<\/p>\n","protected":false},"excerpt":{"rendered":"<p>V\u00e4lkommen till Restaurang Lai-Wa, en familje\u00e4gd restaurang som har funnits sedan november 1975. Vi serverar fr\u00e4mst kinesisk mat fr\u00e5n det kantonesiska k\u00f6ket med smaker fr\u00e5n s\u00f6dra Kina. V\u00e4lkomna!<\/p>\n","protected":false},"author":1,"featured_media":0,"parent":0,"menu_order":0,"comment_status":"closed","ping_status":"closed","template":"","meta":{"footnotes":""},"class_list":["post-13","page","type-page","status-publish","hentry"],"_links":{"self":[{"href":"http:\/\/lai-wa.se\/index.php?rest_route=\/wp\/v2\/pages\/13","targetHints":{"allow":["GET"]}}],"collection":[{"href":"http:\/\/lai-wa.se\/index.php?rest_route=\/wp\/v2\/pages"}],"about":[{"href":"http:\/\/lai-wa.se\/index.php?rest_route=\/wp\/v2\/types\/page"}],"author":[{"embeddable":true,"href":"http:\/\/lai-wa.se\/index.php?rest_route=\/wp\/v2\/users\/1"}],"replies":[{"embeddable":true,"href":"http:\/\/lai-wa.se\/index.php?rest_route=%2Fwp%2Fv2%2Fcomments&post=13"}],"version-history":[{"count":27,"href":"http:\/\/lai-wa.se\/index.php?rest_route=\/wp\/v2\/pages\/13\/revisions"}],"predecessor-version":[{"id":234,"href":"http:\/\/lai-wa.se\/index.php?rest_route=\/wp\/v2\/pages\/13\/revisions\/234"}],"wp:attachment":[{"href":"http:\/\/lai-wa.se\/index.php?rest_route=%2Fwp%2Fv2%2Fmedia&parent=13"}],"curies":[{"name":"wp","href":"https:\/\/api.w.org\/{rel}","templated":true}]}}