{"id":14,"date":"2018-06-19T13:56:33","date_gmt":"2018-06-19T11:56:33","guid":{"rendered":"http:\/\/lai-wa.se\/wordpress\/?page_id=14"},"modified":"2018-06-19T19:38:06","modified_gmt":"2018-06-19T17:38:06","slug":"kontakt","status":"publish","type":"page","link":"http:\/\/lai-wa.se\/?page_id=14","title":{"rendered":"Kontakt"},"content":{"rendered":"<p>Boka bord hos oss kan ni g\u00f6ra genom att ringa till restaurangen.<br \/>\nAvh\u00e4mtning kan best\u00e4llas p\u00e5 telefon i f\u00f6rv\u00e4g eller direkt p\u00e5 restaurangen.<br \/>\n\u00c4r ni ett st\u00f6rre s\u00e4llskap f\u00f6r festligare tillf\u00e4llen eller vill g\u00f6ra en st\u00f6rre best\u00e4llning f\u00f6r avh\u00e4mtning kan ni kontakta oss f\u00f6r eventuella m\u00f6jligheter till anpassad meny.<\/p>\n<p>Restaurang Lai-Wa<br \/>\nStorgatan 11<br \/>\n411 24 G\u00f6teborg<br \/>\n031-711 02 39 \/ 031-13 12 98<\/p>\n<p><iframe loading=\"lazy\" src=\"https:\/\/www.google.com\/maps\/embed?pb=!1m18!1m12!1m3!1d2132.010292475244!2d11.963202216044454!3d57.69929494766548!2m3!1f0!2f0!3f0!3m2!1i1024!2i768!4f13.1!3m3!1m2!1s0x464ff36eec7537f5%3A0x1c43320b0dac3af9!2sRestaurang+Lai+Wa+AB!5e0!3m2!1ssv!2sse!4v1529428919621\" width=\"600\" height=\"450\" frameborder=\"0\" style=\"border:0\" allowfullscreen><\/iframe><\/p>\n","protected":false},"excerpt":{"rendered":"<p>Boka bord hos oss kan ni g\u00f6ra genom att ringa till restaurangen. Avh\u00e4mtning kan best\u00e4llas p\u00e5 telefon i f\u00f6rv\u00e4g eller direkt p\u00e5 restaurangen. \u00c4r ni ett st\u00f6rre s\u00e4llskap f\u00f6r festligare tillf\u00e4llen eller vill g\u00f6ra en st\u00f6rre best\u00e4llning f\u00f6r avh\u00e4mtning kan ni kontakta oss f\u00f6r eventuella m\u00f6jligheter till anpassad meny. Restaurang Lai-Wa Storgatan 11 411 24 &hellip; <\/p>\n<p class=\"link-more\"><a href=\"http:\/\/lai-wa.se\/?page_id=14\" class=\"more-link\">Forts\u00e4tt l\u00e4sa<span class=\"screen-reader-text\"> \u201dKontakt\u201d<\/span><\/a><\/p>\n","protected":false},"author":1,"featured_media":0,"parent":0,"menu_order":0,"comment_status":"closed","ping_status":"closed","template":"","meta":{"footnotes":""},"class_list":["post-14","page","type-page","status-publish","hentry"],"_links":{"self":[{"href":"http:\/\/lai-wa.se\/index.php?rest_route=\/wp\/v2\/pages\/14","targetHints":{"allow":["GET"]}}],"collection":[{"href":"http:\/\/lai-wa.se\/index.php?rest_route=\/wp\/v2\/pages"}],"about":[{"href":"http:\/\/lai-wa.se\/index.php?rest_route=\/wp\/v2\/types\/page"}],"author":[{"embeddable":true,"href":"http:\/\/lai-wa.se\/index.php?rest_route=\/wp\/v2\/users\/1"}],"replies":[{"embeddable":true,"href":"http:\/\/lai-wa.se\/index.php?rest_route=%2Fwp%2Fv2%2Fcomments&post=14"}],"version-history":[{"count":5,"href":"http:\/\/lai-wa.se\/index.php?rest_route=\/wp\/v2\/pages\/14\/revisions"}],"predecessor-version":[{"id":92,"href":"http:\/\/lai-wa.se\/index.php?rest_route=\/wp\/v2\/pages\/14\/revisions\/92"}],"wp:attachment":[{"href":"http:\/\/lai-wa.se\/index.php?rest_route=%2Fwp%2Fv2%2Fmedia&parent=14"}],"curies":[{"name":"wp","href":"https:\/\/api.w.org\/{rel}","templated":true}]}}